{"id":29,"date":"2012-10-19T10:42:47","date_gmt":"2012-10-19T09:42:47","guid":{"rendered":"http:\/\/www.delahausse.net\/unnouvelair\/?page_id=29"},"modified":"2013-01-23T09:08:51","modified_gmt":"2013-01-23T08:08:51","slug":"pour-quoi-pour-qui-comment","status":"publish","type":"page","link":"http:\/\/www.unnouvelair.com\/fr\/pour-quoi-pour-qui-comment\/","title":{"rendered":"Pour quoi, pour qui, comment\u2026"},"content":{"rendered":"<h2 style=\"text-align: justify;\">Pour Quoi ?<\/h2>\n<p style=\"text-align: justify;\">L\u2019agence Un Nouvel Air apporte une r\u00e9ponse personnalis\u00e9e et une expertise globale \u00e0 des marques soucieuses d\u2019anticiper l\u2019avenir, de se singulariser et d\u2019ajuster leur strat\u00e9gie \u00e0 l\u2019actualit\u00e9 et aux \u00e9mergences nouvelles.<\/p>\n<p style=\"text-align: justify;\">Au-del\u00e0 de la mission traditionnelle d\u2019un <em>bureau de style,<\/em> l\u2019ambition de l\u2019agence est ainsi d\u2019anticiper, de d\u00e9tecter et d\u2019identifier, de singulariser et de positionner, de d\u00e9velopper et de structurer et enfin, de cr\u00e9er.<\/p>\n<p style=\"text-align: justify;\"><strong>Anticiper<\/strong> les \u00e9volutions majeures du march\u00e9, des modes de consommation et de comportements, les tendances et courants nouveaux en toute transversalit\u00e9.<\/p>\n<p style=\"text-align: justify;\"><strong>D\u00e9tecter et identifier<\/strong> les formes et signes \u00e9mergents porteurs de sens, de cr\u00e9ativit\u00e9 et de commerce.<\/p>\n<p style=\"text-align: justify;\"><strong>Singulariser et positionner<\/strong> la marque sur son territoire, l\u2019aider \u00e0 raconter le meilleur sc\u00e9nario et \u00e0 affiner sa strat\u00e9gie (produits, cible et identit\u00e9).<\/p>\n<p style=\"text-align: justify;\"><strong>D\u00e9velopper et structurer<\/strong> sa gamme de produits, transformer les tendances en commerce.<\/p>\n<p style=\"text-align: justify;\"><strong>Cr\u00e9er<\/strong> des produits, formes, dessins et designs exclusifs.<\/p>\n<p><a id=\"pourqui\"><\/a><br \/>\n&nbsp;<\/p>\n<h2 style=\"text-align: justify;\">Pour Qui ?<\/h2>\n<p style=\"text-align: justify;\">Pour des marques, des cr\u00e9ateurs, des fabricants, des distributeurs, positionn\u00e9s localement ou mondialement dans les domaines de l\u2019art de vivre, du design mobilier et objet, du textile et de la d\u00e9coration, de la beaut\u00e9 et du bien \u00eatre de la personne.<\/p>\n<p><a id=\"comment\"><\/a><br \/>\n&nbsp;<\/p>\n<h2 style=\"text-align: justify;\">Comment ?<\/h2>\n<p style=\"text-align: justify;\">L\u2019agence Un Nouvel Air a l\u2019ambition de singulariser sa m\u00e9thode en adoptant un point de vue qui privil\u00e9gie la transversalit\u00e9 des territoires et des approches. Du design \u00e0 l\u2019art contemporain, du style \u00e0 la philosophie, de la mode \u00e0 l\u2019\u00e9conomie : c\u2019est cette pluralit\u00e9 d\u2019influences et de tendances qui fonde notre d\u00e9marche prospective.<\/p>\n<p style=\"text-align: justify;\">Dans un monde o\u00f9 toutes les tendances et tous les signes cohabitent l\u00e9gitimement, une agence de prospective doit proposer une r\u00e9flexion alliant style et marketing, style et concept, style et communication.<\/p>\n<p style=\"text-align: justify;\">Au-del\u00e0 de la nouveaut\u00e9, ce sont aujourd\u2019hui les id\u00e9es de singularit\u00e9 et d\u2019identit\u00e9 qui importent et sont fondatrices d\u2019une r\u00e9ussite durable. Au-del\u00e0 de la seule question du style, nous privil\u00e9gions davantage les id\u00e9es de sc\u00e9nario et de r\u00e9cit. Ce sont les cl\u00e9s du succ\u00e8s pour toute marque : identit\u00e9, singularit\u00e9, lisibilit\u00e9.<\/p>\n<p style=\"text-align: justify;\">Enfin, l\u2019agence s\u2019attache \u00e0 garantir \u00e0 ses clients une exclusivit\u00e9, \u00e0 p\u00e9rim\u00e8tre \u00e9gal de niveau de gamme, de produits et de distribution.<\/p>\n<p><a id=\"parqui\"><\/a><br \/>\n&nbsp;<\/p>\n<h2 style=\"text-align: justify;\">Par qui ?<\/h2>\n<p style=\"text-align: justify;\">Apr\u00e8s avoir collabor\u00e9 pendant plusieurs ann\u00e9es, en freelance ou en int\u00e9gr\u00e9, avec de grands bureaux de style parisiens (Fran\u00e7ois Bernard, l\u2019agence Nelly Rodi, Elizabeth Leriche), Fran\u00e7ois Delclaux fonde l\u2019agence Un Nouvel Air en 2006.<\/p>\n<p style=\"text-align: justify;\">Il est entour\u00e9 d\u2019une \u00e9quipe de collaborateurs, int\u00e9gr\u00e9s ou freelances, aux comp\u00e9tences larges et diversifi\u00e9es, ainsi que de consultants ext\u00e9rieurs : stylistes, designers objet et textile, designers graphiques mais aussi sociologues, journalistes, artistes et philosophes.<\/p>\n<p style=\"text-align: justify;\">En fonction des collaborations et des r\u00e9flexions qui lui sont confi\u00e9es, il structure une \u00e9quipe d\u00e9di\u00e9e de fa\u00e7on sp\u00e9cifique, exclusive et \u00e9volutive.<\/p>\n<p>&nbsp;<\/p>\n","protected":false},"excerpt":{"rendered":"<p>Pour Quoi ? L\u2019agence Un Nouvel Air apporte une r\u00e9ponse personnalis\u00e9e et une expertise globale \u00e0 des marques soucieuses d\u2019anticiper l\u2019avenir, de se singulariser et d\u2019ajuster leur strat\u00e9gie \u00e0 l\u2019actualit\u00e9 et aux \u00e9mergences nouvelles. Au-del\u00e0 de la mission traditionnelle d\u2019un bureau de style, l\u2019ambition de l\u2019agence est ainsi d\u2019anticiper, de d\u00e9tecter et d\u2019identifier, de singulariser&#8230;  <a href=\"http:\/\/www.unnouvelair.com\/fr\/pour-quoi-pour-qui-comment\/\" title=\"Read Pour quoi, pour qui, comment\u2026\">Read more &raquo;<\/a><\/p>\n","protected":false},"author":6,"featured_media":0,"parent":0,"menu_order":0,"comment_status":"open","ping_status":"open","template":"presentation.php","meta":{"footnotes":""},"class_list":["post-29","page","type-page","status-publish","hentry"],"_links":{"self":[{"href":"http:\/\/www.unnouvelair.com\/fr\/wp-json\/wp\/v2\/pages\/29","targetHints":{"allow":["GET"]}}],"collection":[{"href":"http:\/\/www.unnouvelair.com\/fr\/wp-json\/wp\/v2\/pages"}],"about":[{"href":"http:\/\/www.unnouvelair.com\/fr\/wp-json\/wp\/v2\/types\/page"}],"author":[{"embeddable":true,"href":"http:\/\/www.unnouvelair.com\/fr\/wp-json\/wp\/v2\/users\/6"}],"replies":[{"embeddable":true,"href":"http:\/\/www.unnouvelair.com\/fr\/wp-json\/wp\/v2\/comments?post=29"}],"version-history":[{"count":31,"href":"http:\/\/www.unnouvelair.com\/fr\/wp-json\/wp\/v2\/pages\/29\/revisions"}],"predecessor-version":[{"id":973,"href":"http:\/\/www.unnouvelair.com\/fr\/wp-json\/wp\/v2\/pages\/29\/revisions\/973"}],"wp:attachment":[{"href":"http:\/\/www.unnouvelair.com\/fr\/wp-json\/wp\/v2\/media?parent=29"}],"curies":[{"name":"wp","href":"https:\/\/api.w.org\/{rel}","templated":true}]}}